{"id":2808,"date":"2025-02-17T14:42:15","date_gmt":"2025-02-17T13:42:15","guid":{"rendered":"https:\/\/percepti.auxodev1.dk\/?page_id=2808"},"modified":"2025-02-19T13:18:26","modified_gmt":"2025-02-19T12:18:26","slug":"coaching","status":"publish","type":"page","link":"https:\/\/percepti.com\/dk\/coaching\/","title":{"rendered":"Coaching"},"content":{"rendered":"<div data-elementor-type=\"wp-page\" data-elementor-id=\"2808\" class=\"elementor elementor-2808\" data-elementor-post-type=\"page\">\n\t\t\t\t<div class=\"elementor-element elementor-element-d88f35a e-flex e-con-boxed e-con e-parent\" data-id=\"d88f35a\" data-element_type=\"container\" data-e-type=\"container\" data-settings=\"{&quot;background_background&quot;:&quot;classic&quot;}\">\n\t\t\t\t\t<div class=\"e-con-inner\">\n\t\t<div class=\"elementor-element elementor-element-05ce2aa e-con-full e-flex e-con e-child\" data-id=\"05ce2aa\" data-element_type=\"container\" data-e-type=\"container\" data-settings=\"{&quot;background_background&quot;:&quot;classic&quot;}\">\n\t\t<div class=\"elementor-element elementor-element-f4daf45 e-con-full e-flex e-con e-child\" data-id=\"f4daf45\" data-element_type=\"container\" data-e-type=\"container\">\n\t\t\t\t<\/div>\n\t\t\t\t<\/div>\n\t\t\t\t\t<\/div>\n\t\t\t\t<\/div>\n\t\t<div class=\"elementor-element elementor-element-b77152a e-flex e-con-boxed e-con e-parent\" data-id=\"b77152a\" data-element_type=\"container\" data-e-type=\"container\" data-settings=\"{&quot;background_background&quot;:&quot;classic&quot;}\">\n\t\t\t\t\t<div class=\"e-con-inner\">\n\t\t<div class=\"elementor-element elementor-element-b13bced e-con-full e-flex e-con e-child\" data-id=\"b13bced\" data-element_type=\"container\" data-e-type=\"container\">\n\t\t<div class=\"elementor-element elementor-element-1d30503 e-con-full e-flex e-con e-child\" data-id=\"1d30503\" data-element_type=\"container\" data-e-type=\"container\">\n\t\t\t\t<div class=\"elementor-element elementor-element-84638e5 elementor-widget__width-inherit elementor-widget elementor-widget-heading\" data-id=\"84638e5\" data-element_type=\"widget\" data-e-type=\"widget\" data-widget_type=\"heading.default\">\n\t\t\t\t<div class=\"elementor-widget-container\">\n\t\t\t\t\t<h2 class=\"elementor-heading-title elementor-size-default\">Coaching<\/h2>\t\t\t\t<\/div>\n\t\t\t\t<\/div>\n\t\t\t\t<\/div>\n\t\t<div class=\"elementor-element elementor-element-2cba916 e-con-full e-flex e-con e-child\" data-id=\"2cba916\" data-element_type=\"container\" data-e-type=\"container\">\n\t\t\t\t<div class=\"elementor-element elementor-element-1bd08b6 elementor-widget elementor-widget-text-editor\" data-id=\"1bd08b6\" data-element_type=\"widget\" data-e-type=\"widget\" data-widget_type=\"text-editor.default\">\n\t\t\t\t<div class=\"elementor-widget-container\">\n\t\t\t\t\t\t\t\t\t<p>Udvikl f\u00e6rdigheder, der skaber effektfulde og varige resultater<\/p>\t\t\t\t\t\t\t\t<\/div>\n\t\t\t\t<\/div>\n\t\t\t\t<\/div>\n\t\t\t\t<\/div>\n\t\t<div class=\"elementor-element elementor-element-4760bce e-con-full e-flex e-con e-child\" data-id=\"4760bce\" data-element_type=\"container\" data-e-type=\"container\">\n\t\t<div class=\"elementor-element elementor-element-3d4300c e-con-full e-flex e-con e-child\" data-id=\"3d4300c\" data-element_type=\"container\" data-e-type=\"container\">\n\t\t\t\t<div class=\"elementor-element elementor-element-6dc48a2 elementor-icon-list--layout-traditional elementor-list-item-link-full_width elementor-widget elementor-widget-icon-list\" data-id=\"6dc48a2\" data-element_type=\"widget\" data-e-type=\"widget\" data-widget_type=\"icon-list.default\">\n\t\t\t\t<div class=\"elementor-widget-container\">\n\t\t\t\t\t\t\t<ul class=\"elementor-icon-list-items\">\n\t\t\t\t\t\t\t<li class=\"elementor-icon-list-item\">\n\t\t\t\t\t\t\t\t\t\t\t<span class=\"elementor-icon-list-icon\">\n\t\t\t\t\t\t\t<svg xmlns=\"http:\/\/www.w3.org\/2000\/svg\" viewbox=\"0 0 640 512\"><path d=\"M0 240l16 0 608 0 16 0 0 32-16 0L16 272 0 272l0-32z\"><\/path><\/svg>\t\t\t\t\t\t<\/span>\n\t\t\t\t\t\t\t\t\t\t<span class=\"elementor-icon-list-text\">Frig\u00f8r potentiale. \u00d8g performance. Skab resultater.<\/span>\n\t\t\t\t\t\t\t\t\t<\/li>\n\t\t\t\t\t\t<\/ul>\n\t\t\t\t\t\t<\/div>\n\t\t\t\t<\/div>\n\t\t<div class=\"elementor-element elementor-element-36784cc e-con-full e-flex e-con e-child\" data-id=\"36784cc\" data-element_type=\"container\" data-e-type=\"container\">\n\t\t\t\t<div class=\"elementor-element elementor-element-2cdc073 elementor-widget__width-initial elementor-widget elementor-widget-text-editor\" data-id=\"2cdc073\" data-element_type=\"widget\" data-e-type=\"widget\" data-widget_type=\"text-editor.default\">\n\t\t\t\t<div class=\"elementor-widget-container\">\n\t\t\t\t\t\t\t\t\t<p>I nutidens omverden m\u00f8der selv de dygtigste ledere, teams og medarbejdere udfordringer, der bremser dem.\u00a0<strong>Manglende alignment, kommunikationssvigt, manglende ansvarlighed og uudnyttet potentiale<\/strong>\u00a0kan bremse v\u00e6kst og performance. Derfor er vores coaching transformerende og resultatorienteret.<\/p>\t\t\t\t\t\t\t\t<\/div>\n\t\t\t\t<\/div>\n\t\t\t\t<\/div>\n\t\t<div class=\"elementor-element elementor-element-17d53d7 e-con-full e-flex e-con e-child\" data-id=\"17d53d7\" data-element_type=\"container\" data-e-type=\"container\">\n\t\t\t\t<div class=\"elementor-element elementor-element-2aab0c2 elementor-widget elementor-widget-heading\" data-id=\"2aab0c2\" data-element_type=\"widget\" data-e-type=\"widget\" data-widget_type=\"heading.default\">\n\t\t\t\t<div class=\"elementor-widget-container\">\n\t\t\t\t\t<h4 class=\"elementor-heading-title elementor-size-default\">Vores tilgang<\/h4>\t\t\t\t<\/div>\n\t\t\t\t<\/div>\n\t\t\t\t<div class=\"elementor-element elementor-element-2a6a7a2 elementor-widget__width-initial elementor-widget elementor-widget-text-editor\" data-id=\"2a6a7a2\" data-element_type=\"widget\" data-e-type=\"widget\" data-widget_type=\"text-editor.default\">\n\t\t\t\t<div class=\"elementor-widget-container\">\n\t\t\t\t\t\t\t\t\t<p>Vi tror ikke p\u00e5 one-size-fits-all coaching. Vi tager en\u00a0<strong>m\u00e5lrettet, resultatorienteret tilgang,<\/strong>\u00a0der skr\u00e6ddersys til jeres specifikke udfordringer:<\/p>\t\t\t\t\t\t\t\t<\/div>\n\t\t\t\t<\/div>\n\t\t\t\t<div class=\"elementor-element elementor-element-f998ad7 elementor-widget__width-initial elementor-widget elementor-widget-text-editor\" data-id=\"f998ad7\" data-element_type=\"widget\" data-e-type=\"widget\" data-widget_type=\"text-editor.default\">\n\t\t\t\t<div class=\"elementor-widget-container\">\n\t\t\t\t\t\t\t\t\t<ul><li><strong>Identifikation af huller<\/strong>\u00a0\u2013 Gennem dybdeg\u00e5ende analyse og samtale identificerer vi de kritiske omr\u00e5der, der begr\u00e6nser succes.<\/li><li><strong>Praktisk, hands-on coaching<\/strong>\u00a0\u2013 Vi fokuserer p\u00e5\u00a0<strong>praktisk anvendelse<\/strong>og giver ledere og teams konkrete v\u00e6rkt\u00f8jer, de kan bruge med det samme.<\/li><li><strong>Udfordrende og transformerende<\/strong>\u00a0\u2013 Vi skubber jer ud af komfortzonen, opfordrer til modig t\u00e6nkning, effektiv kommunikation og strategisk handling.<\/li><li><strong>M\u00e5lbar effekt<\/strong>\u00a0\u2013 Vores coaching\u00a0<strong>skaber st\u00e6rkere lederskab, samstemte teams, \u00f8get salgssucces og en kultur pr\u00e6get af ansvarlighed.<\/strong><\/li><\/ul>\t\t\t\t\t\t\t\t<\/div>\n\t\t\t\t<\/div>\n\t\t\t\t<\/div>\n\t\t<div class=\"elementor-element elementor-element-6ed99ed e-con-full e-flex e-con e-child\" data-id=\"6ed99ed\" data-element_type=\"container\" data-e-type=\"container\">\n\t\t\t\t<div class=\"elementor-element elementor-element-57788d1 elementor-widget__width-initial elementor-widget elementor-widget-text-editor\" data-id=\"57788d1\" data-element_type=\"widget\" data-e-type=\"widget\" data-widget_type=\"text-editor.default\">\n\t\t\t\t<div class=\"elementor-widget-container\">\n\t\t\t\t\t\t\t\t\t<p><strong>Er det tid til at lukke hullerne og frig\u00f8re jeres fulde potentiale?<\/strong>\u00a0Kontakt os for at dr\u00f8fte mulighederne.<\/p>\t\t\t\t\t\t\t\t<\/div>\n\t\t\t\t<\/div>\n\t\t\t\t<\/div>\n\t\t\t\t<div class=\"elementor-element elementor-element-d5cbc2c elementor-mobile-align-justify elementor-widget-mobile__width-inherit elementor-align-left elementor-widget elementor-widget-button\" data-id=\"d5cbc2c\" data-element_type=\"widget\" data-e-type=\"widget\" data-widget_type=\"button.default\">\n\t\t\t\t<div class=\"elementor-widget-container\">\n\t\t\t\t\t\t\t\t\t<div class=\"elementor-button-wrapper\">\n\t\t\t\t\t<a class=\"elementor-button elementor-button-link elementor-size-sm elementor-animation-bob\" href=\"https:\/\/percepti.com\/dk\/contact\/\">\n\t\t\t\t\t\t<span class=\"elementor-button-content-wrapper\">\n\t\t\t\t\t\t\t\t\t<span class=\"elementor-button-text\">Kontakt os<\/span>\n\t\t\t\t\t<\/span>\n\t\t\t\t\t<\/a>\n\t\t\t\t<\/div>\n\t\t\t\t\t\t\t\t<\/div>\n\t\t\t\t<\/div>\n\t\t\t\t<\/div>\n\t\t<div class=\"elementor-element elementor-element-a0ddda4 e-con-full e-flex e-con e-child\" data-id=\"a0ddda4\" data-element_type=\"container\" data-e-type=\"container\" data-settings=\"{&quot;background_background&quot;:&quot;classic&quot;}\">\n\t\t\t\t<\/div>\n\t\t\t\t<\/div>\n\t\t\t\t\t<\/div>\n\t\t\t\t<\/div>\n\t\t\t\t<\/div>","protected":false},"excerpt":{"rendered":"<p>Coaching Develop skills that drive impactful, sustainable results Unlock Potential. Drive Performance. Deliver Results. In today\u2019s business landscape, even the most talented leaders, teams and their employees face challenges that hold them back.\u00a0Misalignment, communication breakdowns, lack of accountability, and unfulfilled potential\u00a0can stall growth and performance. That\u2019s why our coaching is transformative and very results focused. [&hellip;]<\/p>\n","protected":false},"author":1,"featured_media":0,"parent":0,"menu_order":0,"comment_status":"closed","ping_status":"closed","template":"","meta":{"footnotes":""},"class_list":["post-2808","page","type-page","status-publish","hentry"],"yoast_head":"<!-- This site is optimized with the Yoast SEO plugin v27.4 - https:\/\/yoast.com\/product\/yoast-seo-wordpress\/ -->\n<title>Coaching - Percepti<\/title>\n<meta name=\"robots\" content=\"index, follow, max-snippet:-1, max-image-preview:large, max-video-preview:-1\" \/>\n<link rel=\"canonical\" href=\"https:\/\/percepti.com\/dk\/coaching\/\" \/>\n<meta property=\"og:locale\" content=\"da_DK\" \/>\n<meta property=\"og:type\" content=\"article\" \/>\n<meta property=\"og:title\" content=\"Coaching - Percepti\" \/>\n<meta property=\"og:description\" content=\"Coaching Develop skills that drive impactful, sustainable results Unlock Potential. Drive Performance. Deliver Results. In today\u2019s business landscape, even the most talented leaders, teams and their employees face challenges that hold them back.\u00a0Misalignment, communication breakdowns, lack of accountability, and unfulfilled potential\u00a0can stall growth and performance. That\u2019s why our coaching is transformative and very results focused. [&hellip;]\" \/>\n<meta property=\"og:url\" content=\"https:\/\/percepti.com\/dk\/coaching\/\" \/>\n<meta property=\"og:site_name\" content=\"Percepti\" \/>\n<meta property=\"article:modified_time\" content=\"2025-02-19T12:18:26+00:00\" \/>\n<meta name=\"twitter:card\" content=\"summary_large_image\" \/>\n<meta name=\"twitter:label1\" content=\"Estimeret l\u00e6setid\" \/>\n\t<meta name=\"twitter:data1\" content=\"1 minut\" \/>\n<script type=\"application\/ld+json\" class=\"yoast-schema-graph\">{\"@context\":\"https:\\\/\\\/schema.org\",\"@graph\":[{\"@type\":\"WebPage\",\"@id\":\"https:\\\/\\\/percepti.com\\\/coaching\\\/\",\"url\":\"https:\\\/\\\/percepti.com\\\/coaching\\\/\",\"name\":\"Coaching - Percepti\",\"isPartOf\":{\"@id\":\"https:\\\/\\\/percepti.com\\\/#website\"},\"datePublished\":\"2025-02-17T13:42:15+00:00\",\"dateModified\":\"2025-02-19T12:18:26+00:00\",\"inLanguage\":\"da-DK\",\"potentialAction\":[{\"@type\":\"ReadAction\",\"target\":[\"https:\\\/\\\/percepti.com\\\/coaching\\\/\"]}]},{\"@type\":\"WebSite\",\"@id\":\"https:\\\/\\\/percepti.com\\\/#website\",\"url\":\"https:\\\/\\\/percepti.com\\\/\",\"name\":\"Percepti\",\"description\":\"\",\"publisher\":{\"@id\":\"https:\\\/\\\/percepti.com\\\/#organization\"},\"potentialAction\":[{\"@type\":\"SearchAction\",\"target\":{\"@type\":\"EntryPoint\",\"urlTemplate\":\"https:\\\/\\\/percepti.com\\\/?s={search_term_string}\"},\"query-input\":{\"@type\":\"PropertyValueSpecification\",\"valueRequired\":true,\"valueName\":\"search_term_string\"}}],\"inLanguage\":\"da-DK\"},{\"@type\":\"Organization\",\"@id\":\"https:\\\/\\\/percepti.com\\\/#organization\",\"name\":\"Percepti\",\"url\":\"https:\\\/\\\/percepti.com\\\/\",\"logo\":{\"@type\":\"ImageObject\",\"inLanguage\":\"da-DK\",\"@id\":\"https:\\\/\\\/percepti.com\\\/#\\\/schema\\\/logo\\\/image\\\/\",\"url\":\"https:\\\/\\\/percepti.com\\\/wp-content\\\/uploads\\\/Tegnebraet-3.png\",\"contentUrl\":\"https:\\\/\\\/percepti.com\\\/wp-content\\\/uploads\\\/Tegnebraet-3.png\",\"width\":1680,\"height\":129,\"caption\":\"Percepti\"},\"image\":{\"@id\":\"https:\\\/\\\/percepti.com\\\/#\\\/schema\\\/logo\\\/image\\\/\"}}]}<\/script>\n<!-- \/ Yoast SEO plugin. -->","yoast_head_json":{"title":"Coaching - Percepti","robots":{"index":"index","follow":"follow","max-snippet":"max-snippet:-1","max-image-preview":"max-image-preview:large","max-video-preview":"max-video-preview:-1"},"canonical":"https:\/\/percepti.com\/dk\/coaching\/","og_locale":"da_DK","og_type":"article","og_title":"Coaching - Percepti","og_description":"Coaching Develop skills that drive impactful, sustainable results Unlock Potential. Drive Performance. Deliver Results. In today\u2019s business landscape, even the most talented leaders, teams and their employees face challenges that hold them back.\u00a0Misalignment, communication breakdowns, lack of accountability, and unfulfilled potential\u00a0can stall growth and performance. That\u2019s why our coaching is transformative and very results focused. [&hellip;]","og_url":"https:\/\/percepti.com\/dk\/coaching\/","og_site_name":"Percepti","article_modified_time":"2025-02-19T12:18:26+00:00","twitter_card":"summary_large_image","twitter_misc":{"Estimeret l\u00e6setid":"1 minut"},"schema":{"@context":"https:\/\/schema.org","@graph":[{"@type":"WebPage","@id":"https:\/\/percepti.com\/coaching\/","url":"https:\/\/percepti.com\/coaching\/","name":"Coaching - Percepti","isPartOf":{"@id":"https:\/\/percepti.com\/#website"},"datePublished":"2025-02-17T13:42:15+00:00","dateModified":"2025-02-19T12:18:26+00:00","inLanguage":"da-DK","potentialAction":[{"@type":"ReadAction","target":["https:\/\/percepti.com\/coaching\/"]}]},{"@type":"WebSite","@id":"https:\/\/percepti.com\/#website","url":"https:\/\/percepti.com\/","name":"Percepti","description":"","publisher":{"@id":"https:\/\/percepti.com\/#organization"},"potentialAction":[{"@type":"SearchAction","target":{"@type":"EntryPoint","urlTemplate":"https:\/\/percepti.com\/?s={search_term_string}"},"query-input":{"@type":"PropertyValueSpecification","valueRequired":true,"valueName":"search_term_string"}}],"inLanguage":"da-DK"},{"@type":"Organization","@id":"https:\/\/percepti.com\/#organization","name":"Percepti","url":"https:\/\/percepti.com\/","logo":{"@type":"ImageObject","inLanguage":"da-DK","@id":"https:\/\/percepti.com\/#\/schema\/logo\/image\/","url":"https:\/\/percepti.com\/wp-content\/uploads\/Tegnebraet-3.png","contentUrl":"https:\/\/percepti.com\/wp-content\/uploads\/Tegnebraet-3.png","width":1680,"height":129,"caption":"Percepti"},"image":{"@id":"https:\/\/percepti.com\/#\/schema\/logo\/image\/"}}]}},"_links":{"self":[{"href":"https:\/\/percepti.com\/dk\/wp-json\/wp\/v2\/pages\/2808","targetHints":{"allow":["GET"]}}],"collection":[{"href":"https:\/\/percepti.com\/dk\/wp-json\/wp\/v2\/pages"}],"about":[{"href":"https:\/\/percepti.com\/dk\/wp-json\/wp\/v2\/types\/page"}],"author":[{"embeddable":true,"href":"https:\/\/percepti.com\/dk\/wp-json\/wp\/v2\/users\/1"}],"replies":[{"embeddable":true,"href":"https:\/\/percepti.com\/dk\/wp-json\/wp\/v2\/comments?post=2808"}],"version-history":[{"count":19,"href":"https:\/\/percepti.com\/dk\/wp-json\/wp\/v2\/pages\/2808\/revisions"}],"predecessor-version":[{"id":3097,"href":"https:\/\/percepti.com\/dk\/wp-json\/wp\/v2\/pages\/2808\/revisions\/3097"}],"wp:attachment":[{"href":"https:\/\/percepti.com\/dk\/wp-json\/wp\/v2\/media?parent=2808"}],"curies":[{"name":"wp","href":"https:\/\/api.w.org\/{rel}","templated":true}]}}