{"id":2787,"date":"2025-02-17T14:09:57","date_gmt":"2025-02-17T13:09:57","guid":{"rendered":"https:\/\/percepti.auxodev1.dk\/?page_id=2787"},"modified":"2025-02-26T07:32:41","modified_gmt":"2025-02-26T06:32:41","slug":"negotiation-skills","status":"publish","type":"page","link":"https:\/\/percepti.com\/dk\/negotiation-skills\/","title":{"rendered":"Forhandlingsteknik"},"content":{"rendered":"<div data-elementor-type=\"wp-page\" data-elementor-id=\"2787\" class=\"elementor elementor-2787\" data-elementor-post-type=\"page\">\n\t\t\t\t<div class=\"elementor-element elementor-element-de5b46b e-flex e-con-boxed e-con e-parent\" data-id=\"de5b46b\" data-element_type=\"container\" data-e-type=\"container\" data-settings=\"{&quot;background_background&quot;:&quot;classic&quot;}\">\n\t\t\t\t\t<div class=\"e-con-inner\">\n\t\t<div class=\"elementor-element elementor-element-ec27e72 e-con-full e-flex e-con e-child\" data-id=\"ec27e72\" data-element_type=\"container\" data-e-type=\"container\" data-settings=\"{&quot;background_background&quot;:&quot;classic&quot;}\">\n\t\t<div class=\"elementor-element elementor-element-7cc0d09 e-con-full e-flex e-con e-child\" data-id=\"7cc0d09\" data-element_type=\"container\" data-e-type=\"container\">\n\t\t\t\t<div class=\"elementor-element elementor-element-2ecfe87 elementor-invisible elementor-widget elementor-widget-text-editor\" data-id=\"2ecfe87\" data-element_type=\"widget\" data-e-type=\"widget\" data-settings=\"{&quot;_animation&quot;:&quot;fadeInUp&quot;}\" data-widget_type=\"text-editor.default\">\n\t\t\t\t<div class=\"elementor-widget-container\">\n\t\t\t\t\t\t\t\t\t<p>En person forhandler i gennemsnit op til 10 gange dagligt - i alt fra forretningsaftaler til almindelige samtaler<\/p>\t\t\t\t\t\t\t\t<\/div>\n\t\t\t\t<\/div>\n\t\t\t\t<\/div>\n\t\t\t\t<\/div>\n\t\t\t\t\t<\/div>\n\t\t\t\t<\/div>\n\t\t<div class=\"elementor-element elementor-element-cb4819b e-flex e-con-boxed e-con e-parent\" data-id=\"cb4819b\" data-element_type=\"container\" data-e-type=\"container\" data-settings=\"{&quot;background_background&quot;:&quot;classic&quot;}\">\n\t\t\t\t\t<div class=\"e-con-inner\">\n\t\t<div class=\"elementor-element elementor-element-1c415ba e-con-full e-flex e-con e-child\" data-id=\"1c415ba\" data-element_type=\"container\" data-e-type=\"container\">\n\t\t<div class=\"elementor-element elementor-element-7fade15 e-con-full e-flex e-con e-child\" data-id=\"7fade15\" data-element_type=\"container\" data-e-type=\"container\">\n\t\t\t\t<div class=\"elementor-element elementor-element-39ab9ab elementor-widget__width-inherit elementor-widget elementor-widget-heading\" data-id=\"39ab9ab\" data-element_type=\"widget\" data-e-type=\"widget\" data-widget_type=\"heading.default\">\n\t\t\t\t<div class=\"elementor-widget-container\">\n\t\t\t\t\t<h2 class=\"elementor-heading-title elementor-size-default\">Forhandlingsteknik<\/h2>\t\t\t\t<\/div>\n\t\t\t\t<\/div>\n\t\t\t\t<\/div>\n\t\t<div class=\"elementor-element elementor-element-3b1248f e-con-full e-flex e-con e-child\" data-id=\"3b1248f\" data-element_type=\"container\" data-e-type=\"container\">\n\t\t\t\t<div class=\"elementor-element elementor-element-4ac25c9 elementor-widget elementor-widget-text-editor\" data-id=\"4ac25c9\" data-element_type=\"widget\" data-e-type=\"widget\" data-widget_type=\"text-editor.default\">\n\t\t\t\t<div class=\"elementor-widget-container\">\n\t\t\t\t\t\t\t\t\t<p>Udvikl f\u00e6rdigheder, der skaber effektfulde og varige resultater<\/p>\t\t\t\t\t\t\t\t<\/div>\n\t\t\t\t<\/div>\n\t\t\t\t<\/div>\n\t\t\t\t<\/div>\n\t\t<div class=\"elementor-element elementor-element-30b51c8 e-con-full e-flex e-con e-child\" data-id=\"30b51c8\" data-element_type=\"container\" data-e-type=\"container\">\n\t\t<div class=\"elementor-element elementor-element-5a3e284 e-con-full e-flex e-con e-child\" data-id=\"5a3e284\" data-element_type=\"container\" data-e-type=\"container\">\n\t\t\t\t<div class=\"elementor-element elementor-element-b71f05b elementor-icon-list--layout-traditional elementor-list-item-link-full_width elementor-widget elementor-widget-icon-list\" data-id=\"b71f05b\" data-element_type=\"widget\" data-e-type=\"widget\" data-widget_type=\"icon-list.default\">\n\t\t\t\t<div class=\"elementor-widget-container\">\n\t\t\t\t\t\t\t<ul class=\"elementor-icon-list-items\">\n\t\t\t\t\t\t\t<li class=\"elementor-icon-list-item\">\n\t\t\t\t\t\t\t\t\t\t\t<span class=\"elementor-icon-list-icon\">\n\t\t\t\t\t\t\t<svg xmlns=\"http:\/\/www.w3.org\/2000\/svg\" viewbox=\"0 0 640 512\"><path d=\"M0 240l16 0 608 0 16 0 0 32-16 0L16 272 0 272l0-32z\"><\/path><\/svg>\t\t\t\t\t\t<\/span>\n\t\t\t\t\t\t\t\t\t\t<span class=\"elementor-icon-list-text\">Forhandling \u2013 maksim\u00e9r v\u00e6rdi gennem gensidige aftaler<\/span>\n\t\t\t\t\t\t\t\t\t<\/li>\n\t\t\t\t\t\t<\/ul>\n\t\t\t\t\t\t<\/div>\n\t\t\t\t<\/div>\n\t\t<div class=\"elementor-element elementor-element-68427b0 e-con-full e-flex e-con e-child\" data-id=\"68427b0\" data-element_type=\"container\" data-e-type=\"container\">\n\t\t\t\t<div class=\"elementor-element elementor-element-70b47b5 elementor-widget elementor-widget-heading\" data-id=\"70b47b5\" data-element_type=\"widget\" data-e-type=\"widget\" data-widget_type=\"heading.default\">\n\t\t\t\t<div class=\"elementor-widget-container\">\n\t\t\t\t\t<h4 class=\"elementor-heading-title elementor-size-default\">Forberedelsens styrke<\/h4>\t\t\t\t<\/div>\n\t\t\t\t<\/div>\n\t\t\t\t<div class=\"elementor-element elementor-element-f8bf85c elementor-widget__width-initial elementor-widget elementor-widget-text-editor\" data-id=\"f8bf85c\" data-element_type=\"widget\" data-e-type=\"widget\" data-widget_type=\"text-editor.default\">\n\t\t\t\t<div class=\"elementor-widget-container\">\n\t\t\t\t\t\t\t\t\t<p>I nutidens dynamiske forretningsmilj\u00f8 er det ikke l\u00e6ngere valgfrit at mestre forhandlinger \u2013 det er essentielt. Succes starter med grundig forberedelse og evnen til at udf\u00f8re strategier med selvtillid.<\/p>\t\t\t\t\t\t\t\t<\/div>\n\t\t\t\t<\/div>\n\t\t\t\t<\/div>\n\t\t<div class=\"elementor-element elementor-element-c431809 e-con-full e-flex e-con e-child\" data-id=\"c431809\" data-element_type=\"container\" data-e-type=\"container\">\n\t\t\t\t<div class=\"elementor-element elementor-element-999dd34 elementor-widget elementor-widget-heading\" data-id=\"999dd34\" data-element_type=\"widget\" data-e-type=\"widget\" data-widget_type=\"heading.default\">\n\t\t\t\t<div class=\"elementor-widget-container\">\n\t\t\t\t\t<h4 class=\"elementor-heading-title elementor-size-default\">Vores tilgang<\/h4>\t\t\t\t<\/div>\n\t\t\t\t<\/div>\n\t\t\t\t<div class=\"elementor-element elementor-element-f65ec8b elementor-widget__width-initial elementor-widget elementor-widget-text-editor\" data-id=\"f65ec8b\" data-element_type=\"widget\" data-e-type=\"widget\" data-widget_type=\"text-editor.default\">\n\t\t\t\t<div class=\"elementor-widget-container\">\n\t\t\t\t\t\t\t\t\t<p>Vores forhandlingstr\u00e6ning giver dig:<br \/>\u2013 V\u00e6rkt\u00f8jer til at forst\u00e5 dine kunder og deres behov.<br \/>\u2013 Teknikker til at udforske kreative muligheder og identificere win-win-l\u00f8sninger.<br \/>\u2013 F\u00e6rdigheder i aktiv lytning og fortolkning af underliggende interesser.<br \/>\u2013 Strategier til at tilpasse dig, afl\u00e6se situationer effektivt og optimere indr\u00f8mmelser.<\/p>\t\t\t\t\t\t\t\t<\/div>\n\t\t\t\t<\/div>\n\t\t\t\t<\/div>\n\t\t<div class=\"elementor-element elementor-element-a304d9c e-con-full e-flex e-con e-child\" data-id=\"a304d9c\" data-element_type=\"container\" data-e-type=\"container\">\n\t\t\t\t<div class=\"elementor-element elementor-element-7042d44 elementor-widget elementor-widget-heading\" data-id=\"7042d44\" data-element_type=\"widget\" data-e-type=\"widget\" data-widget_type=\"heading.default\">\n\t\t\t\t<div class=\"elementor-widget-container\">\n\t\t\t\t\t<h4 class=\"elementor-heading-title elementor-size-default\">Effekten<\/h4>\t\t\t\t<\/div>\n\t\t\t\t<\/div>\n\t\t\t\t<div class=\"elementor-element elementor-element-d424640 elementor-widget__width-initial elementor-widget elementor-widget-text-editor\" data-id=\"d424640\" data-element_type=\"widget\" data-e-type=\"widget\" data-widget_type=\"text-editor.default\">\n\t\t\t\t<div class=\"elementor-widget-container\">\n\t\t\t\t\t\t\t\t\t<p><em><strong>\u201c\u00c6ndre dine forhandlingsevner og opn\u00e5 succes i enhver aftale\u201d<\/strong><\/em><\/p>\t\t\t\t\t\t\t\t<\/div>\n\t\t\t\t<\/div>\n\t\t\t\t<div class=\"elementor-element elementor-element-56a851e elementor-widget__width-initial elementor-widget elementor-widget-text-editor\" data-id=\"56a851e\" data-element_type=\"widget\" data-e-type=\"widget\" data-widget_type=\"text-editor.default\">\n\t\t\t\t<div class=\"elementor-widget-container\">\n\t\t\t\t\t\t\t\t\t<ul><li>Opbyg selvtillid og kontrol i hver forhandling.<\/li><li>Udvikle strategier, der sikrer maksimal v\u00e6rdi.<\/li><li>Styrke relationer gennem gensidigt fordelagtige l\u00f8sninger.<\/li><li>Skabe effektfulde resultater, der underst\u00f8tter langsigtet succes.<\/li><\/ul>\t\t\t\t\t\t\t\t<\/div>\n\t\t\t\t<\/div>\n\t\t\t\t<div class=\"elementor-element elementor-element-1078632 elementor-widget__width-initial elementor-widget elementor-widget-text-editor\" data-id=\"1078632\" data-element_type=\"widget\" data-e-type=\"widget\" data-widget_type=\"text-editor.default\">\n\t\t\t\t<div class=\"elementor-widget-container\">\n\t\t\t\t\t\t\t\t\t<p><b>L\u00f8ft din tilgang til forhandlinger og opn\u00e5 konsekvent enest\u00e5ende resultater.<\/b>Kontakt os i dag for at h\u00f8re, hvordan vi kan hj\u00e6lpe dig.<\/p>\t\t\t\t\t\t\t\t<\/div>\n\t\t\t\t<\/div>\n\t\t\t\t<\/div>\n\t\t\t\t<div class=\"elementor-element elementor-element-33d752e elementor-mobile-align-justify elementor-widget-mobile__width-inherit elementor-align-left elementor-widget elementor-widget-button\" data-id=\"33d752e\" data-element_type=\"widget\" data-e-type=\"widget\" data-widget_type=\"button.default\">\n\t\t\t\t<div class=\"elementor-widget-container\">\n\t\t\t\t\t\t\t\t\t<div class=\"elementor-button-wrapper\">\n\t\t\t\t\t<a class=\"elementor-button elementor-button-link elementor-size-sm elementor-animation-bob\" href=\"https:\/\/percepti.com\/dk\/contact\/\">\n\t\t\t\t\t\t<span class=\"elementor-button-content-wrapper\">\n\t\t\t\t\t\t\t\t\t<span class=\"elementor-button-text\">Kontakt os<\/span>\n\t\t\t\t\t<\/span>\n\t\t\t\t\t<\/a>\n\t\t\t\t<\/div>\n\t\t\t\t\t\t\t\t<\/div>\n\t\t\t\t<\/div>\n\t\t\t\t<\/div>\n\t\t<div class=\"elementor-element elementor-element-fa869bb e-con-full e-flex e-con e-child\" data-id=\"fa869bb\" data-element_type=\"container\" data-e-type=\"container\" data-settings=\"{&quot;background_background&quot;:&quot;classic&quot;}\">\n\t\t\t\t<\/div>\n\t\t\t\t<\/div>\n\t\t\t\t\t<\/div>\n\t\t\t\t<\/div>\n\t\t<div class=\"elementor-element elementor-element-e30e83d elementor-hidden-desktop elementor-hidden-tablet elementor-hidden-mobile e-flex e-con-boxed e-con e-parent\" data-id=\"e30e83d\" data-element_type=\"container\" data-e-type=\"container\" data-settings=\"{&quot;background_background&quot;:&quot;classic&quot;}\">\n\t\t\t\t\t<div class=\"e-con-inner\">\n\t\t\t\t<div class=\"elementor-element elementor-element-064fa79 elementor-widget__width-inherit elementor-widget elementor-widget-heading\" data-id=\"064fa79\" data-element_type=\"widget\" data-e-type=\"widget\" data-widget_type=\"heading.default\">\n\t\t\t\t<div class=\"elementor-widget-container\">\n\t\t\t\t\t<h2 class=\"elementor-heading-title elementor-size-default\">Det siger vores kunder<\/h2>\t\t\t\t<\/div>\n\t\t\t\t<\/div>\n\t\t\t\t<div class=\"elementor-element elementor-element-a2422a8 elementor-testimonial--skin-bubble elementor-testimonial--layout-image_inline elementor-testimonial--align-center elementor-arrows-yes elementor-widget elementor-widget-testimonial-carousel\" data-id=\"a2422a8\" data-element_type=\"widget\" data-e-type=\"widget\" data-settings=\"{&quot;slides_per_view&quot;:&quot;1&quot;,&quot;slides_per_view_tablet&quot;:&quot;1&quot;,&quot;slides_per_view_mobile&quot;:&quot;1&quot;,&quot;slides_to_scroll&quot;:&quot;1&quot;,&quot;slides_to_scroll_tablet&quot;:&quot;1&quot;,&quot;slides_to_scroll_mobile&quot;:&quot;1&quot;,&quot;autoplay_speed&quot;:4800,&quot;space_between&quot;:{&quot;unit&quot;:&quot;px&quot;,&quot;size&quot;:30,&quot;sizes&quot;:[]},&quot;space_between_tablet&quot;:{&quot;unit&quot;:&quot;px&quot;,&quot;size&quot;:20,&quot;sizes&quot;:[]},&quot;show_arrows&quot;:&quot;yes&quot;,&quot;speed&quot;:500,&quot;autoplay&quot;:&quot;yes&quot;,&quot;loop&quot;:&quot;yes&quot;,&quot;pause_on_hover&quot;:&quot;yes&quot;,&quot;pause_on_interaction&quot;:&quot;yes&quot;,&quot;space_between_mobile&quot;:{&quot;unit&quot;:&quot;px&quot;,&quot;size&quot;:10,&quot;sizes&quot;:[]}}\" data-widget_type=\"testimonial-carousel.default\">\n\t\t\t\t<div class=\"elementor-widget-container\">\n\t\t\t\t\t\t\t\t\t<div class=\"elementor-swiper\">\n\t\t\t\t\t<div class=\"elementor-main-swiper swiper\" role=\"region\" aria-roledescription=\"carousel\" aria-label=\"Dias (slides)\">\n\t\t\t\t<div class=\"swiper-wrapper\">\n\t\t\t\t\t\t\t\t\t\t\t<div class=\"swiper-slide\" role=\"group\" aria-roledescription=\"slide\">\n\t\t\t\t\t\t\t\t\t<div class=\"elementor-testimonial\">\n\t\t\t\t\t\t\t<div class=\"elementor-testimonial__content\">\n\t\t\t\t\t<div class=\"elementor-testimonial__text\">\n\t\t\t\t\t\t\"Lorem ipsum dolor sit amet, consectetur adipiscing elit. Integer eu nibh sed ipsum pretium euismod vel quis metus. Pellentesque habitant morbi tristique senectus et netus et malesuada fames ac turpis egestas. Nullam porttitor condimentum eros vitae ultrices. Cras vehicula nisl nisl, sed porta mi efficitur in. Quisque nec volutpat nunc.\"\t\t\t\t\t<\/div>\n\t\t\t\t\t\t\t\t\t<\/div>\n\t\t\t\t\t\t<div class=\"elementor-testimonial__footer\">\n\t\t\t\t\t\t\t\t<cite class=\"elementor-testimonial__cite\"><span class=\"elementor-testimonial__name\">Person Name<\/span><span class=\"elementor-testimonial__title\">Job Title<\/span><\/cite>\t\t\t<\/div>\n\t\t<\/div>\n\t\t\t\t\t\t\t\t<\/div>\n\t\t\t\t\t\t\t\t\t\t\t<div class=\"swiper-slide\" role=\"group\" aria-roledescription=\"slide\">\n\t\t\t\t\t\t\t\t\t<div class=\"elementor-testimonial\">\n\t\t\t\t\t\t\t<div class=\"elementor-testimonial__content\">\n\t\t\t\t\t<div class=\"elementor-testimonial__text\">\n\t\t\t\t\t\t\"Lorem ipsum dolor sit amet, consectetur adipiscing elit. Integer eu nibh sed ipsum pretium euismod vel quis metus. Pellentesque habitant morbi tristique senectus et netus et malesuada fames ac turpis egestas. Nullam porttitor condimentum eros vitae ultrices. Cras vehicula nisl nisl, sed porta mi efficitur in. Quisque nec volutpat nunc.\"\t\t\t\t\t<\/div>\n\t\t\t\t\t\t\t\t\t<\/div>\n\t\t\t\t\t\t<div class=\"elementor-testimonial__footer\">\n\t\t\t\t\t\t\t\t<cite class=\"elementor-testimonial__cite\"><span class=\"elementor-testimonial__name\">Person Name<\/span><span class=\"elementor-testimonial__title\">Job Title<\/span><\/cite>\t\t\t<\/div>\n\t\t<\/div>\n\t\t\t\t\t\t\t\t<\/div>\n\t\t\t\t\t\t\t\t\t\t\t<div class=\"swiper-slide\" role=\"group\" aria-roledescription=\"slide\">\n\t\t\t\t\t\t\t\t\t<div class=\"elementor-testimonial\">\n\t\t\t\t\t\t\t<div class=\"elementor-testimonial__content\">\n\t\t\t\t\t<div class=\"elementor-testimonial__text\">\n\t\t\t\t\t\t\"Lorem ipsum dolor sit amet, consectetur adipiscing elit. Integer eu nibh sed ipsum pretium euismod vel quis metus. Pellentesque habitant morbi tristique senectus et netus et malesuada fames ac turpis egestas. Nullam porttitor condimentum eros vitae ultrices. Cras vehicula nisl nisl, sed porta mi efficitur in. Quisque nec volutpat nunc.\"\t\t\t\t\t<\/div>\n\t\t\t\t\t\t\t\t\t<\/div>\n\t\t\t\t\t\t<div class=\"elementor-testimonial__footer\">\n\t\t\t\t\t\t\t\t<cite class=\"elementor-testimonial__cite\"><span class=\"elementor-testimonial__name\">Person Name<\/span><span class=\"elementor-testimonial__title\">Job Title<\/span><\/cite>\t\t\t<\/div>\n\t\t<\/div>\n\t\t\t\t\t\t\t\t<\/div>\n\t\t\t\t\t\t\t\t\t<\/div>\n\t\t\t\t\t\t\t\t\t\t\t\t\t\t\t<div class=\"elementor-swiper-button elementor-swiper-button-prev\" role=\"button\" tabindex=\"0\" aria-label=\"Tidligere\">\n\t\t\t\t\t\t\t<i aria-hidden=\"true\" class=\"eicon-chevron-left\"><\/i>\t\t\t\t\t\t<\/div>\n\t\t\t\t\t\t<div class=\"elementor-swiper-button elementor-swiper-button-next\" role=\"button\" tabindex=\"0\" aria-label=\"N\u00e6ste\">\n\t\t\t\t\t\t\t<i aria-hidden=\"true\" class=\"eicon-chevron-right\"><\/i>\t\t\t\t\t\t<\/div>\n\t\t\t\t\t\t\t\t\t\t\t\t\t\t\t\t\t<\/div>\n\t\t\t\t<\/div>\n\t\t\t\t\t\t\t\t<\/div>\n\t\t\t\t<\/div>\n\t\t\t\t\t<\/div>\n\t\t\t\t<\/div>\n\t\t\t\t<\/div>","protected":false},"excerpt":{"rendered":"<p>An average person negotiates up to 10 times a day, from business deals to everyday conversations Negotiation training Develop skills that drive impactful, sustainable results Negotiation &#8211; maximizing value through mutual agreements The Power of Preparation In today\u2019s dynamic business environment, mastering negotiations is no longer optional \u2013 it\u2019s essential. Achieving success starts with preparation [&hellip;]<\/p>\n","protected":false},"author":1,"featured_media":0,"parent":0,"menu_order":0,"comment_status":"closed","ping_status":"closed","template":"","meta":{"footnotes":""},"class_list":["post-2787","page","type-page","status-publish","hentry"],"yoast_head":"<!-- This site is optimized with the Yoast SEO plugin v27.4 - https:\/\/yoast.com\/product\/yoast-seo-wordpress\/ -->\n<title>Negotiation Skills - Percepti<\/title>\n<meta name=\"robots\" content=\"index, follow, max-snippet:-1, max-image-preview:large, max-video-preview:-1\" \/>\n<link rel=\"canonical\" href=\"https:\/\/percepti.com\/dk\/negotiation-skills\/\" \/>\n<meta property=\"og:locale\" content=\"da_DK\" \/>\n<meta property=\"og:type\" content=\"article\" \/>\n<meta property=\"og:title\" content=\"Negotiation Skills - Percepti\" \/>\n<meta property=\"og:description\" content=\"An average person negotiates up to 10 times a day, from business deals to everyday conversations Negotiation training Develop skills that drive impactful, sustainable results Negotiation &#8211; maximizing value through mutual agreements The Power of Preparation In today\u2019s dynamic business environment, mastering negotiations is no longer optional \u2013 it\u2019s essential. Achieving success starts with preparation [&hellip;]\" \/>\n<meta property=\"og:url\" content=\"https:\/\/percepti.com\/dk\/negotiation-skills\/\" \/>\n<meta property=\"og:site_name\" content=\"Percepti\" \/>\n<meta property=\"article:modified_time\" content=\"2025-02-26T06:32:41+00:00\" \/>\n<meta name=\"twitter:card\" content=\"summary_large_image\" \/>\n<meta name=\"twitter:label1\" content=\"Estimeret l\u00e6setid\" \/>\n\t<meta name=\"twitter:data1\" content=\"3 minutter\" \/>\n<script type=\"application\/ld+json\" class=\"yoast-schema-graph\">{\"@context\":\"https:\\\/\\\/schema.org\",\"@graph\":[{\"@type\":\"WebPage\",\"@id\":\"https:\\\/\\\/percepti.com\\\/negotiation-skills\\\/\",\"url\":\"https:\\\/\\\/percepti.com\\\/negotiation-skills\\\/\",\"name\":\"Negotiation Skills - Percepti\",\"isPartOf\":{\"@id\":\"https:\\\/\\\/percepti.com\\\/#website\"},\"datePublished\":\"2025-02-17T13:09:57+00:00\",\"dateModified\":\"2025-02-26T06:32:41+00:00\",\"inLanguage\":\"da-DK\",\"potentialAction\":[{\"@type\":\"ReadAction\",\"target\":[\"https:\\\/\\\/percepti.com\\\/negotiation-skills\\\/\"]}]},{\"@type\":\"WebSite\",\"@id\":\"https:\\\/\\\/percepti.com\\\/#website\",\"url\":\"https:\\\/\\\/percepti.com\\\/\",\"name\":\"Percepti\",\"description\":\"\",\"publisher\":{\"@id\":\"https:\\\/\\\/percepti.com\\\/#organization\"},\"potentialAction\":[{\"@type\":\"SearchAction\",\"target\":{\"@type\":\"EntryPoint\",\"urlTemplate\":\"https:\\\/\\\/percepti.com\\\/?s={search_term_string}\"},\"query-input\":{\"@type\":\"PropertyValueSpecification\",\"valueRequired\":true,\"valueName\":\"search_term_string\"}}],\"inLanguage\":\"da-DK\"},{\"@type\":\"Organization\",\"@id\":\"https:\\\/\\\/percepti.com\\\/#organization\",\"name\":\"Percepti\",\"url\":\"https:\\\/\\\/percepti.com\\\/\",\"logo\":{\"@type\":\"ImageObject\",\"inLanguage\":\"da-DK\",\"@id\":\"https:\\\/\\\/percepti.com\\\/#\\\/schema\\\/logo\\\/image\\\/\",\"url\":\"https:\\\/\\\/percepti.com\\\/wp-content\\\/uploads\\\/Tegnebraet-3.png\",\"contentUrl\":\"https:\\\/\\\/percepti.com\\\/wp-content\\\/uploads\\\/Tegnebraet-3.png\",\"width\":1680,\"height\":129,\"caption\":\"Percepti\"},\"image\":{\"@id\":\"https:\\\/\\\/percepti.com\\\/#\\\/schema\\\/logo\\\/image\\\/\"}}]}<\/script>\n<!-- \/ Yoast SEO plugin. -->","yoast_head_json":{"title":"Negotiation Skills - Percepti","robots":{"index":"index","follow":"follow","max-snippet":"max-snippet:-1","max-image-preview":"max-image-preview:large","max-video-preview":"max-video-preview:-1"},"canonical":"https:\/\/percepti.com\/dk\/negotiation-skills\/","og_locale":"da_DK","og_type":"article","og_title":"Negotiation Skills - Percepti","og_description":"An average person negotiates up to 10 times a day, from business deals to everyday conversations Negotiation training Develop skills that drive impactful, sustainable results Negotiation &#8211; maximizing value through mutual agreements The Power of Preparation In today\u2019s dynamic business environment, mastering negotiations is no longer optional \u2013 it\u2019s essential. Achieving success starts with preparation [&hellip;]","og_url":"https:\/\/percepti.com\/dk\/negotiation-skills\/","og_site_name":"Percepti","article_modified_time":"2025-02-26T06:32:41+00:00","twitter_card":"summary_large_image","twitter_misc":{"Estimeret l\u00e6setid":"3 minutter"},"schema":{"@context":"https:\/\/schema.org","@graph":[{"@type":"WebPage","@id":"https:\/\/percepti.com\/negotiation-skills\/","url":"https:\/\/percepti.com\/negotiation-skills\/","name":"Negotiation Skills - Percepti","isPartOf":{"@id":"https:\/\/percepti.com\/#website"},"datePublished":"2025-02-17T13:09:57+00:00","dateModified":"2025-02-26T06:32:41+00:00","inLanguage":"da-DK","potentialAction":[{"@type":"ReadAction","target":["https:\/\/percepti.com\/negotiation-skills\/"]}]},{"@type":"WebSite","@id":"https:\/\/percepti.com\/#website","url":"https:\/\/percepti.com\/","name":"Percepti","description":"","publisher":{"@id":"https:\/\/percepti.com\/#organization"},"potentialAction":[{"@type":"SearchAction","target":{"@type":"EntryPoint","urlTemplate":"https:\/\/percepti.com\/?s={search_term_string}"},"query-input":{"@type":"PropertyValueSpecification","valueRequired":true,"valueName":"search_term_string"}}],"inLanguage":"da-DK"},{"@type":"Organization","@id":"https:\/\/percepti.com\/#organization","name":"Percepti","url":"https:\/\/percepti.com\/","logo":{"@type":"ImageObject","inLanguage":"da-DK","@id":"https:\/\/percepti.com\/#\/schema\/logo\/image\/","url":"https:\/\/percepti.com\/wp-content\/uploads\/Tegnebraet-3.png","contentUrl":"https:\/\/percepti.com\/wp-content\/uploads\/Tegnebraet-3.png","width":1680,"height":129,"caption":"Percepti"},"image":{"@id":"https:\/\/percepti.com\/#\/schema\/logo\/image\/"}}]}},"_links":{"self":[{"href":"https:\/\/percepti.com\/dk\/wp-json\/wp\/v2\/pages\/2787","targetHints":{"allow":["GET"]}}],"collection":[{"href":"https:\/\/percepti.com\/dk\/wp-json\/wp\/v2\/pages"}],"about":[{"href":"https:\/\/percepti.com\/dk\/wp-json\/wp\/v2\/types\/page"}],"author":[{"embeddable":true,"href":"https:\/\/percepti.com\/dk\/wp-json\/wp\/v2\/users\/1"}],"replies":[{"embeddable":true,"href":"https:\/\/percepti.com\/dk\/wp-json\/wp\/v2\/comments?post=2787"}],"version-history":[{"count":20,"href":"https:\/\/percepti.com\/dk\/wp-json\/wp\/v2\/pages\/2787\/revisions"}],"predecessor-version":[{"id":3283,"href":"https:\/\/percepti.com\/dk\/wp-json\/wp\/v2\/pages\/2787\/revisions\/3283"}],"wp:attachment":[{"href":"https:\/\/percepti.com\/dk\/wp-json\/wp\/v2\/media?parent=2787"}],"curies":[{"name":"wp","href":"https:\/\/api.w.org\/{rel}","templated":true}]}}